{"id":5188,"date":"2026-05-06T17:32:13","date_gmt":"2026-05-06T15:32:13","guid":{"rendered":"http:\/\/carlosvarona.es\/?page_id=5188"},"modified":"2026-05-06T17:37:27","modified_gmt":"2026-05-06T15:37:27","slug":"politica-de-privacidad","status":"publish","type":"page","link":"https:\/\/carlosvarona.es\/en\/politica-de-privacidad\/","title":{"rendered":"Pol\u00edtica de Privacidad"},"content":{"rendered":"<p>[et_pb_section fb_built=\u00bb1&#8243; admin_label=\u00bbPage Title\u00bb _builder_version=\u00bb4.16&#8243; global_colors_info=\u00bb{}\u00bb theme_builder_area=\u00bbpost_content\u00bb][et_pb_row _builder_version=\u00bb4.16&#8243; global_colors_info=\u00bb{}\u00bb theme_builder_area=\u00bbpost_content\u00bb][et_pb_column type=\u00bb4_4&#8243; _builder_version=\u00bb4.16&#8243; custom_padding=\u00bb|||\u00bb global_colors_info=\u00bb{}\u00bb custom_padding__hover=\u00bb|||\u00bb theme_builder_area=\u00bbpost_content\u00bb][et_pb_heading title=\u00bbINFORMACI\u00d3N LEGAL\u00bb _builder_version=\u00bb4.27.4&#8243; _module_preset=\u00bbdefault\u00bb title_font=\u00bb|700|||||||\u00bb title_text_color=\u00bb#69686c\u00bb title_font_size=\u00bb20px\u00bb global_colors_info=\u00bb{}\u00bb theme_builder_area=\u00bbpost_content\u00bb][\/et_pb_heading][et_pb_text _builder_version=\u00bb4.27.4&#8243; text_font=\u00bbMuli||||||||\u00bb text_font_size=\u00bb16px\u00bb text_line_height=\u00bb1.8em\u00bb header_font=\u00bb|700|||||||\u00bb header_text_color=\u00bb#045db5&#8243; header_font_size=\u00bb60px\u00bb header_line_height=\u00bb1.2em\u00bb custom_margin=\u00bb-27px|||||\u00bb animation_direction=\u00bbright\u00bb header_font_size_tablet=\u00bb\u00bb header_font_size_phone=\u00bb36px\u00bb header_font_size_last_edited=\u00bbon|phone\u00bb locked=\u00bboff\u00bb global_colors_info=\u00bb{}\u00bb header_6_font_size__hover=\u00bb14px\u00bb header_6_font_size__hover_enabled=\u00bb14px\u00bb header_6_letter_spacing__hover=\u00bb0px\u00bb header_6_letter_spacing__hover_enabled=\u00bb0px\u00bb header_6_line_height__hover=\u00bb1em\u00bb header_6_line_height__hover_enabled=\u00bb1em\u00bb header_6_text_shadow_style__hover=\u00bbnone\u00bb header_6_text_shadow_style__hover_enabled=\u00bbnone\u00bb header_6_text_shadow_color__hover=\u00bbrgba(0,0,0,0.4)\u00bb header_6_text_shadow_color__hover_enabled=\u00bbrgba(0,0,0,0.4)\u00bb theme_builder_area=\u00bbpost_content\u00bb]<\/p>\n<h1>Pol\u00edtica de Privacidad<\/h1>\n<p>[\/et_pb_text][\/et_pb_column][\/et_pb_row][et_pb_row _builder_version=\u00bb4.27.4&#8243; _module_preset=\u00bbdefault\u00bb global_colors_info=\u00bb{}\u00bb theme_builder_area=\u00bbpost_content\u00bb][et_pb_column type=\u00bb4_4&#8243; _builder_version=\u00bb4.27.4&#8243; _module_preset=\u00bbdefault\u00bb global_colors_info=\u00bb{}\u00bb theme_builder_area=\u00bbpost_content\u00bb][et_pb_text _builder_version=\u00bb4.27.4&#8243; _module_preset=\u00bbdefault\u00bb text_text_color=\u00bb#000000&#8243; hover_enabled=\u00bb0&#8243; global_colors_info=\u00bb{}\u00bb theme_builder_area=\u00bbpost_content\u00bb sticky_enabled=\u00bb0&#8243;]<\/p>\n<p>A los efectos del cumplimiento del Reglamento (UE) 2016\/679 del Parlamento Europeo, de 27 de abril (GDPR), y la Ley Org\u00e1nica 3\/2018, de Protecci\u00f3n de Datos Personales y garant\u00eda de los derechos digitales de 5 de diciembre (LOPDGDD), se establece la siguiente informaci\u00f3n:<\/p>\n<p><strong>Responsable Tratamiento<\/strong><\/p>\n<p>Raz\u00f3n social: <strong>CARLOS VARONA MOVELLAN <\/strong><\/p>\n<p>NIF:\u00a0<strong>12374486 A<\/strong><\/p>\n<p>Direcci\u00f3n:\u00a0<strong>C\/TOREROS, 19, 47007, VALLADOLID.<\/strong><\/p>\n<p>Correo: info<strong><a href=\"mailto:info@jesusvarona.es\">@carlosvarona.es<\/a><\/strong><\/p>\n<p><strong>Finalidad<\/strong><\/p>\n<p>Se trata la informaci\u00f3n que nos facilitan las personas interesadas a trav\u00e9s de cualquiera de los diferentes formularios que se ponen a su disposici\u00f3n en la p\u00e1gina web, con el fin de gestionar el env\u00edo de la informaci\u00f3n que nos soliciten, pudiendo elaborarse, de ser necesario, un perfil comercial, en base a la informaci\u00f3n facilitada. No se tomar\u00e1n decisiones automatizadas en base a dicho perfil. Los datos personales proporcionados se conservar\u00e1n mientras se mantenga la relaci\u00f3n mercantil, y no se solicite su supresi\u00f3n por el interesado.<\/p>\n<p><strong>Legitimaci\u00f3n<\/strong><\/p>\n<p>Se solicita el consentimiento del interesado para el tratamiento de sus datos y la oferta prospectiva de productos y servicios.<\/p>\n<p><strong>Destinatarios<\/strong><\/p>\n<p>Los datos personales no se ceder\u00e1n a terceros, salvo en su caso, otras empresas de grupo para fines administrativos internos.<\/p>\n<p><strong>Derechos<\/strong><\/p>\n<p>Los interesados \u200b\u200btienen derecho a acceder a sus datos personales, as\u00ed como a solicitar la rectificaci\u00f3n de los datos inexactos o, en su caso, solicitar su supresi\u00f3n cuando los datos ya no sean necesarios para los fines que fueron recogidos. Los interesados \u200b\u200ben determinadas circunstancias tambi\u00e9n podr\u00e1n limitar u oponerse al tratamiento de sus datos, as\u00ed como solicitar la portabilidad de los mismos. Tambi\u00e9n tendr\u00e1 derecho a retirar su consentimiento y a presentar una queja ante la Autoridad de Control. Para ejercer sus derechos deber\u00e1 dirigirse al Responsable en la direcci\u00f3n que figura en el primer cuadro, acompa\u00f1ado de copia del documento de identidad del interesado.<\/p>\n<p><strong>1. \u00bfQui\u00e9n es el responsable del tratamiento de tus datos personales?<\/strong><\/p>\n<p><strong>CARLOS VARONA MOVELLAN E <\/strong>con NIF:\u00a0<strong>12374486A<\/strong>, direcci\u00f3n en\u00a0<strong>C\/ GALANOS, 5, TOREROS, 47007, VALLADOLID., <\/strong>con correo electr\u00f3nico:\u00a0<strong><a href=\"mailto:info@jesusvarona.es\">info@carlosvarona.es<\/a><\/strong><strong>\u00a0<\/strong>es el RESPONSABLE del tratamiento de los datos personales del USUARIO y le informa de que estos datos ser\u00e1n tratados de conformidad con lo dispuesto en el Reglamento (UE) 2016\/679, de 27 de abril (GDPR), y la Ley Org\u00e1nica 3\/2018, de 5 de diciembre (LOPDGDD).<\/p>\n<p><strong>2. \u00bfCon qu\u00e9 finalidad se tratan los datos y cu\u00e1l es la base que legitima el tratamiento?<\/strong><\/p>\n<p>Se trata la informaci\u00f3n que nos facilitan las personas interesadas con el fin de gestionar el env\u00edo de la informaci\u00f3n que nos soliciten, pudiendo elaborarse, de ser necesario, un perfil comercial, en base a la informaci\u00f3n facilitada. Tramitar encargos, solicitudes, dar respuesta a las consultas o cualquier tipo de petici\u00f3n que sea realizada por el USUARIO a trav\u00e9s de cualquiera de las formas de contacto que se ponen a su disposici\u00f3n en la p\u00e1gina web del RESPONSABLE.<\/p>\n<p><strong>3. \u00bfCu\u00e1nto tiempo se conservan los datos?<\/strong><\/p>\n<p>Los datos personales proporcionados se conservar\u00e1n mientras se mantenga la relaci\u00f3n mercantil, y no se solicite su supresi\u00f3n por el interesado. Cuando ya no sea necesario, se suprimir\u00e1n con las medidas de seguridad adecuadas.<\/p>\n<p><strong>4. \u00bfQu\u00e9 derechos existen y c\u00f3mo ejercerlos?<\/strong><\/p>\n<p>Las personas interesadas tienen derecho a acceder a sus datos personales, as\u00ed como a solicitar la rectificaci\u00f3n de los datos inexactos o, en su caso, solicitar su supresi\u00f3n cuando, los datos ya no sean necesarios para los fines que fueron recogidos. Tambi\u00e9n los interesados en determinadas circunstancias podr\u00e1n oponerse al tratamiento de sus datos. Tambi\u00e9n tendr\u00e1 derecho a retirar el consentimiento prestado y a reclamar ante la Autoridad de Control.<\/p>\n<p>Para ejercer sus derechos deber\u00e1 ponerse en contacto con el Responsable en la direcci\u00f3n\u00a0<strong>C\/TOREROS, 47007, VALLADOLID,<\/strong> acompa\u00f1ado de copia documento de identidad del interesado.<\/p>\n<p>La normativa vigente de protecci\u00f3n de datos le ampara en una serie de derechos en relaci\u00f3n al uso que le damos a sus datos. Todos y cada uno de sus derechos son unipersonales e intransferibles, es decir, que \u00fanicamente pueden ser realizados por el titular de los datos, previa comprobaci\u00f3n de su identidad.<\/p>\n<p>A continuaci\u00f3n le indicamos cuales son los derechos que le asisten:<\/p>\n<p>&#8211; Solicitar el ACCESO a sus datos personales.<\/p>\n<p><span>&#8211; Solicitar la RECTIFICACION de sus datos.<\/span><\/p>\n<p><span>&#8211; Solicitar la SUPRESI\u00d3N o eliminaci\u00f3n de sus datos (derecho al \u00abolvido\u00bb).<\/span><\/p>\n<p><span>&#8211; LIMITAR u OPONERSE al uso que le damos a sus datos.<\/span><\/p>\n<p><span>&#8211; Derecho a la PORTABILIDAD de sus datos para casos de servicios de telecomunicaciones o internet.<\/span><\/p>\n<p><span>&#8211; Derecho a RETIRAR su consentimiento en cualquier momento.<\/span><\/p>\n<p><span>&#8211; Tendr\u00e1 derecho a presentar una reclamaci\u00f3n ante la Agencia Espa\u00f1ola de Protecci\u00f3n de Datos.<\/span><\/p>\n<p><span>&#8211; Para el ejercicio de sus derechos de acceso, rectificaci\u00f3n, supresi\u00f3n, limitaci\u00f3n u oposici\u00f3n, portabilidad y retirada de su consentimiento, deber\u00e1 ponerse en contacto con el Responsable en la direcci\u00f3n <strong>C\/TOREROS, 19 , 47007, VALLADOLID.<\/strong><\/span><\/p>\n<p><strong>5. \u00bfA qui\u00e9n facilitamos tus datos personales? Destinatarios<\/strong><\/p>\n<p>Los datos personales no se ceder\u00e1n a terceros, salvo en su caso, otras empresas de grupo para fines administrativos internos o salvo obligaci\u00f3n legal.<\/p>\n<p><strong>6. \u00bfSe toman decisiones automatizadas?<\/strong><\/p>\n<p>No se tomar\u00e1n decisiones automatizadas en base al perfil comercial.<\/p>\n<p><strong>7. \u00bfSe realizan transferencias internacionales de datos?<\/strong><\/p>\n<p>No realizamos transferencias internacionales de sus datos<\/p>\n<p><strong>8. \u00bfPor qu\u00e9 motivo podemos tratar tus datos personales?<\/strong><\/p>\n<p>Se solicita el consentimiento del interesado para el tratamiento de sus datos y la oferta prospectiva de productos y servicios. Los datos personales obtenidos a trav\u00e9s de los formularios del sitio web ser\u00e1n tratados \u00fanicamente en base al consentimiento otorgado por el interesado, a trav\u00e9s de la aceptaci\u00f3n de la casilla dispuesta para tal fin. Este consentimiento puede ser retirado en cualquier momento.<\/p>\n<p>Inter\u00e9s leg\u00edtimo del responsable. La informaci\u00f3n estad\u00edstica obtenida del sitio web ser\u00e1 tratada en base al inter\u00e9s leg\u00edtimo del responsable. Esta informaci\u00f3n no permite identificar al usuario.<\/p>\n<p>[\/et_pb_text][\/et_pb_column][\/et_pb_row][\/et_pb_section][et_pb_section fb_built=\u00bb1&#8243; _builder_version=\u00bb4.27.4&#8243; _module_preset=\u00bbdefault\u00bb custom_padding=\u00bb||25px|||\u00bb global_colors_info=\u00bb{}\u00bb theme_builder_area=\u00bbpost_content\u00bb][et_pb_row _builder_version=\u00bb4.27.4&#8243; _module_preset=\u00bbdefault\u00bb global_colors_info=\u00bb{}\u00bb theme_builder_area=\u00bbpost_content\u00bb][et_pb_column type=\u00bb4_4&#8243; _builder_version=\u00bb4.27.4&#8243; _module_preset=\u00bbdefault\u00bb global_colors_info=\u00bb{}\u00bb theme_builder_area=\u00bbpost_content\u00bb][et_pb_image src=\u00bbhttp:\/\/carlosvarona.es\/wp-content\/uploads\/2026\/05\/PUBLI-KIT.jpg\u00bb title_text=\u00bbPUBLI KIT\u00bb _builder_version=\u00bb4.27.4&#8243; _module_preset=\u00bbdefault\u00bb global_colors_info=\u00bb{}\u00bb theme_builder_area=\u00bbpost_content\u00bb][\/et_pb_image][\/et_pb_column][\/et_pb_row][\/et_pb_section]<\/p>\n","protected":false},"excerpt":{"rendered":"<p>Pol\u00edtica de PrivacidadA los efectos del cumplimiento del Reglamento (UE) 2016\/679 del Parlamento Europeo, de 27 de abril (GDPR), y la Ley Org\u00e1nica 3\/2018, de Protecci\u00f3n de Datos Personales y garant\u00eda de los derechos digitales de 5 de diciembre (LOPDGDD), se establece la siguiente informaci\u00f3n: Responsable Tratamiento Raz\u00f3n social: CARLOS VARONA MOVELLAN NIF:\u00a012374486 A Direcci\u00f3n:\u00a0C\/TOREROS, [&hellip;]<\/p>\n","protected":false},"author":1,"featured_media":0,"parent":0,"menu_order":0,"comment_status":"closed","ping_status":"closed","template":"","meta":{"_et_pb_use_builder":"on","_et_pb_old_content":"","_et_gb_content_width":"","footnotes":""},"class_list":["post-5188","page","type-page","status-publish","hentry"],"yoast_head":"<!-- This site is optimized with the Yoast SEO plugin v27.5 - https:\/\/yoast.com\/product\/yoast-seo-wordpress\/ -->\n<title>Pol\u00edtica de Privacidad - Carlos Varona<\/title>\n<meta name=\"robots\" content=\"index, follow, max-snippet:-1, max-image-preview:large, max-video-preview:-1\" \/>\n<link rel=\"canonical\" href=\"https:\/\/carlosvarona.es\/en\/politica-de-privacidad\/\" \/>\n<meta property=\"og:locale\" content=\"en_GB\" \/>\n<meta property=\"og:type\" content=\"article\" \/>\n<meta property=\"og:title\" content=\"Pol\u00edtica de Privacidad - Carlos Varona\" \/>\n<meta property=\"og:description\" content=\"Pol\u00edtica de PrivacidadA los efectos del cumplimiento del Reglamento (UE) 2016\/679 del Parlamento Europeo, de 27 de abril (GDPR), y la Ley Org\u00e1nica 3\/2018, de Protecci\u00f3n de Datos Personales y garant\u00eda de los derechos digitales de 5 de diciembre (LOPDGDD), se establece la siguiente informaci\u00f3n: Responsable Tratamiento Raz\u00f3n social: CARLOS VARONA MOVELLAN NIF:\u00a012374486 A Direcci\u00f3n:\u00a0C\/TOREROS, [&hellip;]\" \/>\n<meta property=\"og:url\" content=\"https:\/\/carlosvarona.es\/en\/politica-de-privacidad\/\" \/>\n<meta property=\"og:site_name\" content=\"Carlos Varona\" \/>\n<meta property=\"article:modified_time\" content=\"2026-05-06T15:37:27+00:00\" \/>\n<meta name=\"twitter:card\" content=\"summary_large_image\" \/>\n<meta name=\"twitter:label1\" content=\"Estimated reading time\" \/>\n\t<meta name=\"twitter:data1\" content=\"7 minutes\" \/>\n<script type=\"application\/ld+json\" class=\"yoast-schema-graph\">{\"@context\":\"https:\\\/\\\/schema.org\",\"@graph\":[{\"@type\":\"WebPage\",\"@id\":\"https:\\\/\\\/carlosvarona.es\\\/politica-de-privacidad\\\/\",\"url\":\"https:\\\/\\\/carlosvarona.es\\\/politica-de-privacidad\\\/\",\"name\":\"Pol\u00edtica de Privacidad - Carlos Varona\",\"isPartOf\":{\"@id\":\"https:\\\/\\\/carlosvarona.es\\\/#website\"},\"datePublished\":\"2026-05-06T15:32:13+00:00\",\"dateModified\":\"2026-05-06T15:37:27+00:00\",\"breadcrumb\":{\"@id\":\"https:\\\/\\\/carlosvarona.es\\\/politica-de-privacidad\\\/#breadcrumb\"},\"inLanguage\":\"en-GB\",\"potentialAction\":[{\"@type\":\"ReadAction\",\"target\":[\"https:\\\/\\\/carlosvarona.es\\\/politica-de-privacidad\\\/\"]}]},{\"@type\":\"BreadcrumbList\",\"@id\":\"https:\\\/\\\/carlosvarona.es\\\/politica-de-privacidad\\\/#breadcrumb\",\"itemListElement\":[{\"@type\":\"ListItem\",\"position\":1,\"name\":\"Portada\",\"item\":\"https:\\\/\\\/carlosvarona.es\\\/\"},{\"@type\":\"ListItem\",\"position\":2,\"name\":\"Pol\u00edtica de Privacidad\"}]},{\"@type\":\"WebSite\",\"@id\":\"https:\\\/\\\/carlosvarona.es\\\/#website\",\"url\":\"https:\\\/\\\/carlosvarona.es\\\/\",\"name\":\"Carlos Varona\",\"description\":\"Graduado Social con m\u00e1s de 20 a\u00f1os de experiencia en asesoramiento laboral, gesti\u00f3n de n\u00f3minas, seguros sociales y contrataci\u00f3n. Profesional colegiado en Valladolid desde 2003, especializado en ofrecer soluciones jur\u00eddicas laborales eficaces para empresas y aut\u00f3nomos.\",\"publisher\":{\"@id\":\"https:\\\/\\\/carlosvarona.es\\\/#organization\"},\"potentialAction\":[{\"@type\":\"SearchAction\",\"target\":{\"@type\":\"EntryPoint\",\"urlTemplate\":\"https:\\\/\\\/carlosvarona.es\\\/?s={search_term_string}\"},\"query-input\":{\"@type\":\"PropertyValueSpecification\",\"valueRequired\":true,\"valueName\":\"search_term_string\"}}],\"inLanguage\":\"en-GB\"},{\"@type\":\"Organization\",\"@id\":\"https:\\\/\\\/carlosvarona.es\\\/#organization\",\"name\":\"Carlos Varona\",\"url\":\"https:\\\/\\\/carlosvarona.es\\\/\",\"logo\":{\"@type\":\"ImageObject\",\"inLanguage\":\"en-GB\",\"@id\":\"https:\\\/\\\/carlosvarona.es\\\/#\\\/schema\\\/logo\\\/image\\\/\",\"url\":\"https:\\\/\\\/carlosvarona.es\\\/wp-content\\\/uploads\\\/2026\\\/05\\\/LOGO2.png\",\"contentUrl\":\"https:\\\/\\\/carlosvarona.es\\\/wp-content\\\/uploads\\\/2026\\\/05\\\/LOGO2.png\",\"width\":752,\"height\":650,\"caption\":\"Carlos Varona\"},\"image\":{\"@id\":\"https:\\\/\\\/carlosvarona.es\\\/#\\\/schema\\\/logo\\\/image\\\/\"}}]}<\/script>\n<!-- \/ Yoast SEO plugin. -->","yoast_head_json":{"title":"Pol\u00edtica de Privacidad - Carlos Varona","robots":{"index":"index","follow":"follow","max-snippet":"max-snippet:-1","max-image-preview":"max-image-preview:large","max-video-preview":"max-video-preview:-1"},"canonical":"https:\/\/carlosvarona.es\/en\/politica-de-privacidad\/","og_locale":"en_GB","og_type":"article","og_title":"Pol\u00edtica de Privacidad - Carlos Varona","og_description":"Pol\u00edtica de PrivacidadA los efectos del cumplimiento del Reglamento (UE) 2016\/679 del Parlamento Europeo, de 27 de abril (GDPR), y la Ley Org\u00e1nica 3\/2018, de Protecci\u00f3n de Datos Personales y garant\u00eda de los derechos digitales de 5 de diciembre (LOPDGDD), se establece la siguiente informaci\u00f3n: Responsable Tratamiento Raz\u00f3n social: CARLOS VARONA MOVELLAN NIF:\u00a012374486 A Direcci\u00f3n:\u00a0C\/TOREROS, [&hellip;]","og_url":"https:\/\/carlosvarona.es\/en\/politica-de-privacidad\/","og_site_name":"Carlos Varona","article_modified_time":"2026-05-06T15:37:27+00:00","twitter_card":"summary_large_image","twitter_misc":{"Estimated reading time":"7 minutes"},"schema":{"@context":"https:\/\/schema.org","@graph":[{"@type":"WebPage","@id":"https:\/\/carlosvarona.es\/politica-de-privacidad\/","url":"https:\/\/carlosvarona.es\/politica-de-privacidad\/","name":"Pol\u00edtica de Privacidad - Carlos Varona","isPartOf":{"@id":"https:\/\/carlosvarona.es\/#website"},"datePublished":"2026-05-06T15:32:13+00:00","dateModified":"2026-05-06T15:37:27+00:00","breadcrumb":{"@id":"https:\/\/carlosvarona.es\/politica-de-privacidad\/#breadcrumb"},"inLanguage":"en-GB","potentialAction":[{"@type":"ReadAction","target":["https:\/\/carlosvarona.es\/politica-de-privacidad\/"]}]},{"@type":"BreadcrumbList","@id":"https:\/\/carlosvarona.es\/politica-de-privacidad\/#breadcrumb","itemListElement":[{"@type":"ListItem","position":1,"name":"Portada","item":"https:\/\/carlosvarona.es\/"},{"@type":"ListItem","position":2,"name":"Pol\u00edtica de Privacidad"}]},{"@type":"WebSite","@id":"https:\/\/carlosvarona.es\/#website","url":"https:\/\/carlosvarona.es\/","name":"Carlos Varona","description":"Graduado Social con m\u00e1s de 20 a\u00f1os de experiencia en asesoramiento laboral, gesti\u00f3n de n\u00f3minas, seguros sociales y contrataci\u00f3n. Profesional colegiado en Valladolid desde 2003, especializado en ofrecer soluciones jur\u00eddicas laborales eficaces para empresas y aut\u00f3nomos.","publisher":{"@id":"https:\/\/carlosvarona.es\/#organization"},"potentialAction":[{"@type":"SearchAction","target":{"@type":"EntryPoint","urlTemplate":"https:\/\/carlosvarona.es\/?s={search_term_string}"},"query-input":{"@type":"PropertyValueSpecification","valueRequired":true,"valueName":"search_term_string"}}],"inLanguage":"en-GB"},{"@type":"Organization","@id":"https:\/\/carlosvarona.es\/#organization","name":"Carlos Varona","url":"https:\/\/carlosvarona.es\/","logo":{"@type":"ImageObject","inLanguage":"en-GB","@id":"https:\/\/carlosvarona.es\/#\/schema\/logo\/image\/","url":"https:\/\/carlosvarona.es\/wp-content\/uploads\/2026\/05\/LOGO2.png","contentUrl":"https:\/\/carlosvarona.es\/wp-content\/uploads\/2026\/05\/LOGO2.png","width":752,"height":650,"caption":"Carlos Varona"},"image":{"@id":"https:\/\/carlosvarona.es\/#\/schema\/logo\/image\/"}}]}},"_links":{"self":[{"href":"https:\/\/carlosvarona.es\/en\/wp-json\/wp\/v2\/pages\/5188","targetHints":{"allow":["GET"]}}],"collection":[{"href":"https:\/\/carlosvarona.es\/en\/wp-json\/wp\/v2\/pages"}],"about":[{"href":"https:\/\/carlosvarona.es\/en\/wp-json\/wp\/v2\/types\/page"}],"author":[{"embeddable":true,"href":"https:\/\/carlosvarona.es\/en\/wp-json\/wp\/v2\/users\/1"}],"replies":[{"embeddable":true,"href":"https:\/\/carlosvarona.es\/en\/wp-json\/wp\/v2\/comments?post=5188"}],"version-history":[{"count":4,"href":"https:\/\/carlosvarona.es\/en\/wp-json\/wp\/v2\/pages\/5188\/revisions"}],"predecessor-version":[{"id":5192,"href":"https:\/\/carlosvarona.es\/en\/wp-json\/wp\/v2\/pages\/5188\/revisions\/5192"}],"wp:attachment":[{"href":"https:\/\/carlosvarona.es\/en\/wp-json\/wp\/v2\/media?parent=5188"}],"curies":[{"name":"wp","href":"https:\/\/api.w.org\/{rel}","templated":true}]}}