{"id":5174,"date":"2026-05-06T17:19:04","date_gmt":"2026-05-06T15:19:04","guid":{"rendered":"http:\/\/carlosvarona.es\/?page_id=5174"},"modified":"2026-05-07T13:50:18","modified_gmt":"2026-05-07T11:50:18","slug":"contacto","status":"publish","type":"page","link":"https:\/\/carlosvarona.es\/en\/contacto\/","title":{"rendered":"Contacto"},"content":{"rendered":"\n[et_pb_section fb_built=\u00bb1&#8243; admin_label=\u00bbHeader\u00bb _builder_version=\u00bb4.27.4&#8243; background_color_gradient_direction=\u00bb145deg\u00bb hover_enabled=\u00bb0&#8243; locked=\u00bboff\u00bb global_colors_info=\u00bb{}\u00bb background_enable_color=\u00bboff\u00bb sticky_enabled=\u00bb0&#8243;][et_pb_row _builder_version=\u00bb4.16&#8243; custom_width_px__hover=\u00bb1080px\u00bb custom_width_px__hover_enabled=\u00bb1080px\u00bb custom_width_percent__hover=\u00bb80%\u00bb custom_width_percent__hover_enabled=\u00bb80%\u00bb locked=\u00bboff\u00bb global_colors_info=\u00bb{}\u00bb make_fullwidth__hover=\u00bboff\u00bb make_fullwidth__hover_enabled=\u00bboff\u00bb use_custom_width__hover=\u00bboff\u00bb use_custom_width__hover_enabled=\u00bboff\u00bb width_unit__hover=\u00bbon\u00bb width_unit__hover_enabled=\u00bbon\u00bb use_custom_gutter__hover=\u00bboff\u00bb use_custom_gutter__hover_enabled=\u00bboff\u00bb gutter_width__hover=\u00bb3&#8243; gutter_width__hover_enabled=\u00bb3&#8243; make_equal__hover=\u00bboff\u00bb make_equal__hover_enabled=\u00bboff\u00bb][et_pb_column type=\u00bb4_4&#8243; _builder_version=\u00bb4.16&#8243; custom_padding=\u00bb|||\u00bb global_colors_info=\u00bb{}\u00bb custom_padding__hover=\u00bb|||\u00bb][et_pb_text _builder_version=\u00bb4.27.4&#8243; text_font=\u00bb||||||||\u00bb text_font_size=\u00bb16px\u00bb text_line_height=\u00bb1.8em\u00bb header_font=\u00bb|700|||||||\u00bb header_font_size=\u00bb72px\u00bb header_line_height=\u00bb1.2em\u00bb background_layout=\u00bbdark\u00bb animation_direction=\u00bbright\u00bb hover_enabled=\u00bb0&#8243; header_font_size_tablet=\u00bb56px\u00bb header_font_size_phone=\u00bb32px\u00bb header_font_size_last_edited=\u00bbon|desktop\u00bb locked=\u00bboff\u00bb global_colors_info=\u00bb{}\u00bb header_6_font_size__hover=\u00bb14px\u00bb header_6_font_size__hover_enabled=\u00bb14px\u00bb header_6_letter_spacing__hover=\u00bb0px\u00bb header_6_letter_spacing__hover_enabled=\u00bb0px\u00bb header_6_line_height__hover=\u00bb1em\u00bb header_6_line_height__hover_enabled=\u00bb1em\u00bb header_6_text_shadow_style__hover=\u00bbnone\u00bb header_6_text_shadow_style__hover_enabled=\u00bbnone\u00bb header_6_text_shadow_color__hover=\u00bbrgba(0,0,0,0.4)\u00bb header_6_text_shadow_color__hover_enabled=\u00bbrgba(0,0,0,0.4)\u00bb header_text_color=\u00bb#045db5&#8243; text_text_color=\u00bb#000000&#8243; sticky_enabled=\u00bb0&#8243;]<h1>Contacto<\/h1>\n<p>Estamos aqu\u00ed para ayudarte en todo lo relacionado con la gesti\u00f3n laboral de tu empresa. Contacta con nosotros y recibe un asesoramiento cercano, profesional y de confianza.<\/p>[\/et_pb_text][\/et_pb_column][\/et_pb_row][\/et_pb_section][et_pb_section fb_built=\u00bb1&#8243; admin_label=\u00bbs\u00bb _builder_version=\u00bb4.27.4&#8243; background_color_gradient_direction=\u00bb145deg\u00bb custom_padding=\u00bb||1vw|||\u00bb hover_enabled=\u00bb0&#8243; locked=\u00bboff\u00bb global_colors_info=\u00bb{}\u00bb background_enable_color=\u00bboff\u00bb sticky_enabled=\u00bb0&#8243; custom_margin=\u00bb-58px|||||\u00bb][et_pb_row column_structure=\u00bb1_3,1_3,1_3&#8243; use_custom_gutter=\u00bbon\u00bb gutter_width=\u00bb2&#8243; _builder_version=\u00bb4.16&#8243; locked=\u00bboff\u00bb global_colors_info=\u00bb{}\u00bb][et_pb_column type=\u00bb1_3&#8243; saved_specialty_column_type=\u00bb1_2&#8243; _builder_version=\u00bb4.16&#8243; custom_padding=\u00bb|||\u00bb global_colors_info=\u00bb{}\u00bb parallax__hover=\u00bboff\u00bb parallax_method__hover=\u00bbon\u00bb custom_padding__hover=\u00bb|||\u00bb][et_pb_icon _builder_version=\u00bb4.27.4&#8243; _module_preset=\u00bbdefault\u00bb icon_color=\u00bb#045db5&#8243; icon_width=\u00bb25px\u00bb font_icon=\u00bb&#xf879;||fa||900&#8243; hover_enabled=\u00bb0&#8243; sticky_enabled=\u00bb0&#8243;][\/et_pb_icon][et_pb_text _builder_version=\u00bb4.27.4&#8243; text_font=\u00bb||||||||\u00bb text_text_color=\u00bb#999999&#8243; text_font_size=\u00bb16px\u00bb text_line_height=\u00bb1.8em\u00bb header_font=\u00bb||||||||\u00bb header_4_font=\u00bb|700||on|||||\u00bb header_4_font_size=\u00bb14px\u00bb header_4_line_height=\u00bb1.8em\u00bb background_layout=\u00bbdark\u00bb hover_enabled=\u00bb0&#8243; locked=\u00bboff\u00bb global_colors_info=\u00bb{}\u00bb header_4_text_color=\u00bb#000000&#8243; sticky_enabled=\u00bb0&#8243; link_option_url=\u00bbtel: 983 100 900&#8243; text_orientation=\u00bbcenter\u00bb]<h4>983 100 900<\/h4>[\/et_pb_text][\/et_pb_column][et_pb_column type=\u00bb1_3&#8243; saved_specialty_column_type=\u00bb1_2&#8243; _builder_version=\u00bb4.16&#8243; custom_padding=\u00bb|||\u00bb global_colors_info=\u00bb{}\u00bb parallax__hover=\u00bboff\u00bb parallax_method__hover=\u00bbon\u00bb custom_padding__hover=\u00bb|||\u00bb][et_pb_icon _builder_version=\u00bb4.27.4&#8243; _module_preset=\u00bbdefault\u00bb icon_color=\u00bb#045db5&#8243; icon_width=\u00bb25px\u00bb font_icon=\u00bb&#xe076;||divi||400&#8243; hover_enabled=\u00bb0&#8243; sticky_enabled=\u00bb0&#8243;][\/et_pb_icon][et_pb_text _builder_version=\u00bb4.27.4&#8243; text_font=\u00bb||||||||\u00bb text_text_color=\u00bb#999999&#8243; text_font_size=\u00bb16px\u00bb text_line_height=\u00bb1.8em\u00bb header_font=\u00bb||||||||\u00bb header_4_font=\u00bb|700||on|||||\u00bb header_4_font_size=\u00bb14px\u00bb header_4_line_height=\u00bb1.8em\u00bb background_layout=\u00bbdark\u00bb hover_enabled=\u00bb0&#8243; global_colors_info=\u00bb{}\u00bb header_4_text_color=\u00bb#000000&#8243; sticky_enabled=\u00bb0&#8243; text_orientation=\u00bbcenter\u00bb]<h4><a href=\"mailto:cvarona@planconsulting.es\">cvarona@planconsulting.es<\/a><\/h4>[\/et_pb_text][\/et_pb_column][et_pb_column type=\u00bb1_3&#8243; saved_specialty_column_type=\u00bb1_2&#8243; _builder_version=\u00bb4.16&#8243; custom_padding=\u00bb|||\u00bb global_colors_info=\u00bb{}\u00bb parallax__hover=\u00bboff\u00bb parallax_method__hover=\u00bbon\u00bb custom_padding__hover=\u00bb|||\u00bb][et_pb_icon _builder_version=\u00bb4.27.4&#8243; _module_preset=\u00bbdefault\u00bb icon_color=\u00bb#045db5&#8243; icon_width=\u00bb25px\u00bb font_icon=\u00bb&#xf3c5;||fa||900&#8243; hover_enabled=\u00bb0&#8243; sticky_enabled=\u00bb0&#8243;][\/et_pb_icon][et_pb_text _builder_version=\u00bb4.27.4&#8243; text_font=\u00bb||||||||\u00bb text_text_color=\u00bb#999999&#8243; text_font_size=\u00bb16px\u00bb text_line_height=\u00bb1.8em\u00bb header_font=\u00bb||||||||\u00bb header_4_font=\u00bb|700||on|||||\u00bb header_4_font_size=\u00bb14px\u00bb header_4_line_height=\u00bb1.8em\u00bb background_layout=\u00bbdark\u00bb hover_enabled=\u00bb0&#8243; locked=\u00bboff\u00bb global_colors_info=\u00bb{}\u00bb header_4_text_color=\u00bb#000000&#8243; sticky_enabled=\u00bb0&#8243; link_option_url=\u00bbhttps:\/\/maps.app.goo.gl\/4HxAZPRm6iVq7qhL8&#8243; text_orientation=\u00bbcenter\u00bb]<h4>C\/ Toreros, 19, 47007 Valladolid<\/h4>[\/et_pb_text][\/et_pb_column][\/et_pb_row][et_pb_row padding_top_bottom_link_1=\u00bbtrue\u00bb padding_top_bottom_link_2=\u00bbtrue\u00bb padding_left_right_link_1=\u00bbtrue\u00bb _builder_version=\u00bb4.27.4&#8243; background_color=\u00bb#045db5&#8243; custom_padding=\u00bb0px||0px||true\u00bb hover_enabled=\u00bb0&#8243; global_colors_info=\u00bb{}\u00bb sticky_enabled=\u00bb0&#8243;][et_pb_column type=\u00bb4_4&#8243; _builder_version=\u00bb4.27.4&#8243; background_color=\u00bb#045db5&#8243; custom_padding=\u00bb6vw|8vw|6vw|8vw\u00bb custom_padding_tablet=\u00bb|10vw||\u00bb custom_padding_phone=\u00bb\u00bb custom_padding_last_edited=\u00bbon|desktop\u00bb hover_enabled=\u00bb0&#8243; global_colors_info=\u00bb{}\u00bb custom_padding__hover=\u00bb|||\u00bb sticky_enabled=\u00bb0&#8243;][et_pb_contact_form submit_button_text=\u00bbENVIAR\u00bb module_id=\u00bbet_pb_contact_form_0&#8243; _builder_version=\u00bb4.27.4&#8243; form_field_background_color=\u00bb#ffffff\u00bb form_field_font=\u00bb||||||||\u00bb form_field_font_size=\u00bb16px\u00bb form_field_line_height=\u00bb1.8em\u00bb custom_button=\u00bbon\u00bb button_text_size=\u00bb14px\u00bb button_text_color=\u00bb#ffffff\u00bb button_bg_color=\u00bb#69686c\u00bb button_border_width=\u00bb12px\u00bb button_border_color=\u00bbrgba(0,0,0,0)\u00bb button_border_radius=\u00bb0px\u00bb button_font=\u00bb|700|||||||\u00bb button_icon=\u00bb&#x24;||divi||400&#8243; hover_enabled=\u00bb0&#8243; border_color_all=\u00bb#dbdbdb\u00bb form_background_color=\u00bb#ffffff\u00bb locked=\u00bboff\u00bb global_colors_info=\u00bb{}\u00bb sticky_enabled=\u00bb0&#8243; form_field_text_color=\u00bb#000000&#8243; button_bg_enable_color=\u00bbon\u00bb email=\u00bbinfo@carlosvarona.es\u00bb use_spam_service=\u00bbon\u00bb recaptcha_list=\u00bbadd_new_account\u00bb][et_pb_contact_field field_id=\u00bbNombre\u00bb field_title=\u00bbNombre\u00bb _builder_version=\u00bb4.27.4&#8243; hover_enabled=\u00bb0&#8243; global_colors_info=\u00bb{}\u00bb button_text_size__hover_enabled=\u00bboff\u00bb button_one_text_size__hover_enabled=\u00bboff\u00bb button_two_text_size__hover_enabled=\u00bboff\u00bb button_text_color__hover_enabled=\u00bboff\u00bb button_one_text_color__hover_enabled=\u00bboff\u00bb button_two_text_color__hover_enabled=\u00bboff\u00bb button_border_width__hover_enabled=\u00bboff\u00bb button_one_border_width__hover_enabled=\u00bboff\u00bb button_two_border_width__hover_enabled=\u00bboff\u00bb button_border_color__hover_enabled=\u00bboff\u00bb button_one_border_color__hover_enabled=\u00bboff\u00bb button_two_border_color__hover_enabled=\u00bboff\u00bb button_border_radius__hover_enabled=\u00bboff\u00bb button_one_border_radius__hover_enabled=\u00bboff\u00bb button_two_border_radius__hover_enabled=\u00bboff\u00bb button_letter_spacing__hover_enabled=\u00bboff\u00bb button_one_letter_spacing__hover_enabled=\u00bboff\u00bb button_two_letter_spacing__hover_enabled=\u00bboff\u00bb button_bg_color__hover_enabled=\u00bboff\u00bb button_one_bg_color__hover_enabled=\u00bboff\u00bb button_two_bg_color__hover_enabled=\u00bboff\u00bb sticky_enabled=\u00bb0&#8243;][\/et_pb_contact_field][et_pb_contact_field field_id=\u00bbApellidos\u00bb field_title=\u00bbApellidos\u00bb _builder_version=\u00bb4.27.4&#8243; hover_enabled=\u00bb0&#8243; global_colors_info=\u00bb{}\u00bb button_text_size__hover_enabled=\u00bboff\u00bb button_one_text_size__hover_enabled=\u00bboff\u00bb button_two_text_size__hover_enabled=\u00bboff\u00bb button_text_color__hover_enabled=\u00bboff\u00bb button_one_text_color__hover_enabled=\u00bboff\u00bb button_two_text_color__hover_enabled=\u00bboff\u00bb button_border_width__hover_enabled=\u00bboff\u00bb button_one_border_width__hover_enabled=\u00bboff\u00bb button_two_border_width__hover_enabled=\u00bboff\u00bb button_border_color__hover_enabled=\u00bboff\u00bb button_one_border_color__hover_enabled=\u00bboff\u00bb button_two_border_color__hover_enabled=\u00bboff\u00bb button_border_radius__hover_enabled=\u00bboff\u00bb button_one_border_radius__hover_enabled=\u00bboff\u00bb button_two_border_radius__hover_enabled=\u00bboff\u00bb button_letter_spacing__hover_enabled=\u00bboff\u00bb button_one_letter_spacing__hover_enabled=\u00bboff\u00bb button_two_letter_spacing__hover_enabled=\u00bboff\u00bb button_bg_color__hover_enabled=\u00bboff\u00bb button_one_bg_color__hover_enabled=\u00bboff\u00bb button_two_bg_color__hover_enabled=\u00bboff\u00bb sticky_enabled=\u00bb0&#8243;][\/et_pb_contact_field][et_pb_contact_field field_id=\u00bbEmail\u00bb field_title=\u00bbEmail\u00bb field_type=\u00bbemail\u00bb _builder_version=\u00bb4.27.4&#8243; hover_enabled=\u00bb0&#8243; global_colors_info=\u00bb{}\u00bb button_text_size__hover_enabled=\u00bboff\u00bb button_one_text_size__hover_enabled=\u00bboff\u00bb button_two_text_size__hover_enabled=\u00bboff\u00bb button_text_color__hover_enabled=\u00bboff\u00bb button_one_text_color__hover_enabled=\u00bboff\u00bb button_two_text_color__hover_enabled=\u00bboff\u00bb button_border_width__hover_enabled=\u00bboff\u00bb button_one_border_width__hover_enabled=\u00bboff\u00bb button_two_border_width__hover_enabled=\u00bboff\u00bb button_border_color__hover_enabled=\u00bboff\u00bb button_one_border_color__hover_enabled=\u00bboff\u00bb button_two_border_color__hover_enabled=\u00bboff\u00bb button_border_radius__hover_enabled=\u00bboff\u00bb button_one_border_radius__hover_enabled=\u00bboff\u00bb button_two_border_radius__hover_enabled=\u00bboff\u00bb button_letter_spacing__hover_enabled=\u00bboff\u00bb button_one_letter_spacing__hover_enabled=\u00bboff\u00bb button_two_letter_spacing__hover_enabled=\u00bboff\u00bb button_bg_color__hover_enabled=\u00bboff\u00bb button_one_bg_color__hover_enabled=\u00bboff\u00bb button_two_bg_color__hover_enabled=\u00bboff\u00bb sticky_enabled=\u00bb0&#8243;][\/et_pb_contact_field][et_pb_contact_field field_id=\u00bbTel\u00e9fono\u00bb field_title=\u00bbTel\u00e9fono\u00bb _builder_version=\u00bb4.27.4&#8243; hover_enabled=\u00bb0&#8243; global_colors_info=\u00bb{}\u00bb button_text_size__hover_enabled=\u00bboff\u00bb button_one_text_size__hover_enabled=\u00bboff\u00bb button_two_text_size__hover_enabled=\u00bboff\u00bb button_text_color__hover_enabled=\u00bboff\u00bb button_one_text_color__hover_enabled=\u00bboff\u00bb button_two_text_color__hover_enabled=\u00bboff\u00bb button_border_width__hover_enabled=\u00bboff\u00bb button_one_border_width__hover_enabled=\u00bboff\u00bb button_two_border_width__hover_enabled=\u00bboff\u00bb button_border_color__hover_enabled=\u00bboff\u00bb button_one_border_color__hover_enabled=\u00bboff\u00bb button_two_border_color__hover_enabled=\u00bboff\u00bb button_border_radius__hover_enabled=\u00bboff\u00bb button_one_border_radius__hover_enabled=\u00bboff\u00bb button_two_border_radius__hover_enabled=\u00bboff\u00bb button_letter_spacing__hover_enabled=\u00bboff\u00bb button_one_letter_spacing__hover_enabled=\u00bboff\u00bb button_two_letter_spacing__hover_enabled=\u00bboff\u00bb button_bg_color__hover_enabled=\u00bboff\u00bb button_one_bg_color__hover_enabled=\u00bboff\u00bb button_two_bg_color__hover_enabled=\u00bboff\u00bb sticky_enabled=\u00bb0&#8243; min_length=\u00bb9&#8243; max_length=\u00bb9&#8243; allowed_symbols=\u00bbnumbers\u00bb][\/et_pb_contact_field][et_pb_contact_field field_id=\u00bbMessage\u00bb field_title=\u00bbMensaje\u00bb field_type=\u00bbtext\u00bb fullwidth_field=\u00bbon\u00bb _builder_version=\u00bb4.27.4&#8243; hover_enabled=\u00bb0&#8243; global_colors_info=\u00bb{}\u00bb button_text_size__hover_enabled=\u00bboff\u00bb button_one_text_size__hover_enabled=\u00bboff\u00bb button_two_text_size__hover_enabled=\u00bboff\u00bb button_text_color__hover_enabled=\u00bboff\u00bb button_one_text_color__hover_enabled=\u00bboff\u00bb button_two_text_color__hover_enabled=\u00bboff\u00bb button_border_width__hover_enabled=\u00bboff\u00bb button_one_border_width__hover_enabled=\u00bboff\u00bb button_two_border_width__hover_enabled=\u00bboff\u00bb button_border_color__hover_enabled=\u00bboff\u00bb button_one_border_color__hover_enabled=\u00bboff\u00bb button_two_border_color__hover_enabled=\u00bboff\u00bb button_border_radius__hover_enabled=\u00bboff\u00bb button_one_border_radius__hover_enabled=\u00bboff\u00bb button_two_border_radius__hover_enabled=\u00bboff\u00bb button_letter_spacing__hover_enabled=\u00bboff\u00bb button_one_letter_spacing__hover_enabled=\u00bboff\u00bb button_two_letter_spacing__hover_enabled=\u00bboff\u00bb button_bg_color__hover_enabled=\u00bboff\u00bb button_one_bg_color__hover_enabled=\u00bboff\u00bb button_two_bg_color__hover_enabled=\u00bboff\u00bb sticky_enabled=\u00bb0&#8243;][\/et_pb_contact_field][et_pb_contact_field field_id=\u00bbaviso\u00bb field_title=\u00bb*\u00bb field_type=\u00bbcheckbox\u00bb fullwidth_field=\u00bbon\u00bb _builder_version=\u00bb4.27.4&#8243; hover_enabled=\u00bb0&#8243; global_colors_info=\u00bb{}\u00bb button_text_size__hover_enabled=\u00bboff\u00bb button_one_text_size__hover_enabled=\u00bboff\u00bb button_two_text_size__hover_enabled=\u00bboff\u00bb button_text_color__hover_enabled=\u00bboff\u00bb button_one_text_color__hover_enabled=\u00bboff\u00bb button_two_text_color__hover_enabled=\u00bboff\u00bb button_border_width__hover_enabled=\u00bboff\u00bb button_one_border_width__hover_enabled=\u00bboff\u00bb button_two_border_width__hover_enabled=\u00bboff\u00bb button_border_color__hover_enabled=\u00bboff\u00bb button_one_border_color__hover_enabled=\u00bboff\u00bb button_two_border_color__hover_enabled=\u00bboff\u00bb button_border_radius__hover_enabled=\u00bboff\u00bb button_one_border_radius__hover_enabled=\u00bboff\u00bb button_two_border_radius__hover_enabled=\u00bboff\u00bb button_letter_spacing__hover_enabled=\u00bboff\u00bb button_one_letter_spacing__hover_enabled=\u00bboff\u00bb button_two_letter_spacing__hover_enabled=\u00bboff\u00bb button_bg_color__hover_enabled=\u00bboff\u00bb button_one_bg_color__hover_enabled=\u00bboff\u00bb button_two_bg_color__hover_enabled=\u00bboff\u00bb sticky_enabled=\u00bb0&#8243; checkbox_options=\u00bb%91{%22value%22:%22Acepto las condiciones de uso y la  %22,%22checked%22:0,%22dragID%22:-1,%22link_url%22:%22http:\/\/carlosvarona.es\/politica-de-privacidad\/%22,%22link_text%22:%22Pol\u00edtica de Privacidad%22}%93&#8243;][\/et_pb_contact_field][\/et_pb_contact_form][\/et_pb_column][\/et_pb_row][\/et_pb_section][et_pb_section fb_built=\u00bb1&#8243; admin_label=\u00bbFooter\u00bb _builder_version=\u00bb4.16&#8243; custom_padding=\u00bb0px||0px||true\u00bb locked=\u00bboff\u00bb global_colors_info=\u00bb{}\u00bb theme_builder_area=\u00bbpost_content\u00bb][et_pb_row _builder_version=\u00bb4.27.4&#8243; _module_preset=\u00bbdefault\u00bb global_colors_info=\u00bb{}\u00bb theme_builder_area=\u00bbpost_content\u00bb][et_pb_column type=\u00bb4_4&#8243; _builder_version=\u00bb4.27.4&#8243; _module_preset=\u00bbdefault\u00bb global_colors_info=\u00bb{}\u00bb theme_builder_area=\u00bbpost_content\u00bb][et_pb_image src=\u00bbhttp:\/\/carlosvarona.es\/wp-content\/uploads\/2026\/05\/PUBLI-KIT.jpg\u00bb title_text=\u00bbPUBLI KIT\u00bb _builder_version=\u00bb4.27.4&#8243; _module_preset=\u00bbdefault\u00bb global_colors_info=\u00bb{}\u00bb theme_builder_area=\u00bbpost_content\u00bb][\/et_pb_image][\/et_pb_column][\/et_pb_row][\/et_pb_section]\n","protected":false},"excerpt":{"rendered":"<p>Contacto Estamos aqu\u00ed para ayudarte en todo lo relacionado con la gesti\u00f3n laboral de tu empresa. Contacta con nosotros y recibe un asesoramiento cercano, profesional y de confianza.983 100 900cvarona@planconsulting.esC\/ Toreros, 19, 47007 Valladolid<\/p>","protected":false},"author":1,"featured_media":0,"parent":0,"menu_order":0,"comment_status":"closed","ping_status":"closed","template":"","meta":{"_et_pb_use_builder":"on","_et_pb_old_content":"","_et_gb_content_width":"","footnotes":""},"class_list":["post-5174","page","type-page","status-publish","hentry"],"yoast_head":"<!-- This site is optimized with the Yoast SEO plugin v27.5 - https:\/\/yoast.com\/product\/yoast-seo-wordpress\/ -->\n<title>Contacto - Carlos Varona<\/title>\n<meta name=\"description\" content=\"Contacta con Carlos Varona Movell\u00e1n, Graduado Social en Valladolid. Asesoramiento laboral y jur\u00eddico para empresas y aut\u00f3nomos. Atenci\u00f3n profesional, cercana y personalizada.\" \/>\n<meta name=\"robots\" content=\"index, follow, max-snippet:-1, max-image-preview:large, max-video-preview:-1\" \/>\n<link rel=\"canonical\" href=\"https:\/\/carlosvarona.es\/en\/contacto\/\" \/>\n<meta property=\"og:locale\" content=\"en_GB\" \/>\n<meta property=\"og:type\" content=\"article\" \/>\n<meta property=\"og:title\" content=\"Contacto - Carlos Varona\" \/>\n<meta property=\"og:description\" content=\"Contacta con Carlos Varona Movell\u00e1n, Graduado Social en Valladolid. Asesoramiento laboral y jur\u00eddico para empresas y aut\u00f3nomos. Atenci\u00f3n profesional, cercana y personalizada.\" \/>\n<meta property=\"og:url\" content=\"https:\/\/carlosvarona.es\/en\/contacto\/\" \/>\n<meta property=\"og:site_name\" content=\"Carlos Varona\" \/>\n<meta property=\"article:modified_time\" content=\"2026-05-07T11:50:18+00:00\" \/>\n<meta name=\"twitter:card\" content=\"summary_large_image\" \/>\n<meta name=\"twitter:label1\" content=\"Estimated reading time\" \/>\n\t<meta name=\"twitter:data1\" content=\"1 minute\" \/>\n<script type=\"application\/ld+json\" class=\"yoast-schema-graph\">{\"@context\":\"https:\\\/\\\/schema.org\",\"@graph\":[{\"@type\":\"WebPage\",\"@id\":\"https:\\\/\\\/carlosvarona.es\\\/contacto\\\/\",\"url\":\"https:\\\/\\\/carlosvarona.es\\\/contacto\\\/\",\"name\":\"Contacto - Carlos Varona\",\"isPartOf\":{\"@id\":\"https:\\\/\\\/carlosvarona.es\\\/#website\"},\"datePublished\":\"2026-05-06T15:19:04+00:00\",\"dateModified\":\"2026-05-07T11:50:18+00:00\",\"description\":\"Contacta con Carlos Varona Movell\u00e1n, Graduado Social en Valladolid. Asesoramiento laboral y jur\u00eddico para empresas y aut\u00f3nomos. Atenci\u00f3n profesional, cercana y personalizada.\",\"breadcrumb\":{\"@id\":\"https:\\\/\\\/carlosvarona.es\\\/contacto\\\/#breadcrumb\"},\"inLanguage\":\"en-GB\",\"potentialAction\":[{\"@type\":\"ReadAction\",\"target\":[\"https:\\\/\\\/carlosvarona.es\\\/contacto\\\/\"]}]},{\"@type\":\"BreadcrumbList\",\"@id\":\"https:\\\/\\\/carlosvarona.es\\\/contacto\\\/#breadcrumb\",\"itemListElement\":[{\"@type\":\"ListItem\",\"position\":1,\"name\":\"Portada\",\"item\":\"https:\\\/\\\/carlosvarona.es\\\/\"},{\"@type\":\"ListItem\",\"position\":2,\"name\":\"Contacto\"}]},{\"@type\":\"WebSite\",\"@id\":\"https:\\\/\\\/carlosvarona.es\\\/#website\",\"url\":\"https:\\\/\\\/carlosvarona.es\\\/\",\"name\":\"Carlos Varona\",\"description\":\"Graduado Social con m\u00e1s de 20 a\u00f1os de experiencia en asesoramiento laboral, gesti\u00f3n de n\u00f3minas, seguros sociales y contrataci\u00f3n. Profesional colegiado en Valladolid desde 2003, especializado en ofrecer soluciones jur\u00eddicas laborales eficaces para empresas y aut\u00f3nomos.\",\"publisher\":{\"@id\":\"https:\\\/\\\/carlosvarona.es\\\/#organization\"},\"potentialAction\":[{\"@type\":\"SearchAction\",\"target\":{\"@type\":\"EntryPoint\",\"urlTemplate\":\"https:\\\/\\\/carlosvarona.es\\\/?s={search_term_string}\"},\"query-input\":{\"@type\":\"PropertyValueSpecification\",\"valueRequired\":true,\"valueName\":\"search_term_string\"}}],\"inLanguage\":\"en-GB\"},{\"@type\":\"Organization\",\"@id\":\"https:\\\/\\\/carlosvarona.es\\\/#organization\",\"name\":\"Carlos Varona\",\"url\":\"https:\\\/\\\/carlosvarona.es\\\/\",\"logo\":{\"@type\":\"ImageObject\",\"inLanguage\":\"en-GB\",\"@id\":\"https:\\\/\\\/carlosvarona.es\\\/#\\\/schema\\\/logo\\\/image\\\/\",\"url\":\"https:\\\/\\\/carlosvarona.es\\\/wp-content\\\/uploads\\\/2026\\\/05\\\/LOGO2.png\",\"contentUrl\":\"https:\\\/\\\/carlosvarona.es\\\/wp-content\\\/uploads\\\/2026\\\/05\\\/LOGO2.png\",\"width\":752,\"height\":650,\"caption\":\"Carlos Varona\"},\"image\":{\"@id\":\"https:\\\/\\\/carlosvarona.es\\\/#\\\/schema\\\/logo\\\/image\\\/\"}}]}<\/script>\n<!-- \/ Yoast SEO plugin. -->","yoast_head_json":{"title":"Contacto - Carlos Varona","description":"Contacta con Carlos Varona Movell\u00e1n, Graduado Social en Valladolid. Asesoramiento laboral y jur\u00eddico para empresas y aut\u00f3nomos. Atenci\u00f3n profesional, cercana y personalizada.","robots":{"index":"index","follow":"follow","max-snippet":"max-snippet:-1","max-image-preview":"max-image-preview:large","max-video-preview":"max-video-preview:-1"},"canonical":"https:\/\/carlosvarona.es\/en\/contacto\/","og_locale":"en_GB","og_type":"article","og_title":"Contacto - Carlos Varona","og_description":"Contacta con Carlos Varona Movell\u00e1n, Graduado Social en Valladolid. Asesoramiento laboral y jur\u00eddico para empresas y aut\u00f3nomos. Atenci\u00f3n profesional, cercana y personalizada.","og_url":"https:\/\/carlosvarona.es\/en\/contacto\/","og_site_name":"Carlos Varona","article_modified_time":"2026-05-07T11:50:18+00:00","twitter_card":"summary_large_image","twitter_misc":{"Estimated reading time":"1 minute"},"schema":{"@context":"https:\/\/schema.org","@graph":[{"@type":"WebPage","@id":"https:\/\/carlosvarona.es\/contacto\/","url":"https:\/\/carlosvarona.es\/contacto\/","name":"Contacto - Carlos Varona","isPartOf":{"@id":"https:\/\/carlosvarona.es\/#website"},"datePublished":"2026-05-06T15:19:04+00:00","dateModified":"2026-05-07T11:50:18+00:00","description":"Contacta con Carlos Varona Movell\u00e1n, Graduado Social en Valladolid. Asesoramiento laboral y jur\u00eddico para empresas y aut\u00f3nomos. Atenci\u00f3n profesional, cercana y personalizada.","breadcrumb":{"@id":"https:\/\/carlosvarona.es\/contacto\/#breadcrumb"},"inLanguage":"en-GB","potentialAction":[{"@type":"ReadAction","target":["https:\/\/carlosvarona.es\/contacto\/"]}]},{"@type":"BreadcrumbList","@id":"https:\/\/carlosvarona.es\/contacto\/#breadcrumb","itemListElement":[{"@type":"ListItem","position":1,"name":"Portada","item":"https:\/\/carlosvarona.es\/"},{"@type":"ListItem","position":2,"name":"Contacto"}]},{"@type":"WebSite","@id":"https:\/\/carlosvarona.es\/#website","url":"https:\/\/carlosvarona.es\/","name":"Carlos Varona","description":"Graduado Social con m\u00e1s de 20 a\u00f1os de experiencia en asesoramiento laboral, gesti\u00f3n de n\u00f3minas, seguros sociales y contrataci\u00f3n. Profesional colegiado en Valladolid desde 2003, especializado en ofrecer soluciones jur\u00eddicas laborales eficaces para empresas y aut\u00f3nomos.","publisher":{"@id":"https:\/\/carlosvarona.es\/#organization"},"potentialAction":[{"@type":"SearchAction","target":{"@type":"EntryPoint","urlTemplate":"https:\/\/carlosvarona.es\/?s={search_term_string}"},"query-input":{"@type":"PropertyValueSpecification","valueRequired":true,"valueName":"search_term_string"}}],"inLanguage":"en-GB"},{"@type":"Organization","@id":"https:\/\/carlosvarona.es\/#organization","name":"Carlos Varona","url":"https:\/\/carlosvarona.es\/","logo":{"@type":"ImageObject","inLanguage":"en-GB","@id":"https:\/\/carlosvarona.es\/#\/schema\/logo\/image\/","url":"https:\/\/carlosvarona.es\/wp-content\/uploads\/2026\/05\/LOGO2.png","contentUrl":"https:\/\/carlosvarona.es\/wp-content\/uploads\/2026\/05\/LOGO2.png","width":752,"height":650,"caption":"Carlos Varona"},"image":{"@id":"https:\/\/carlosvarona.es\/#\/schema\/logo\/image\/"}}]}},"_links":{"self":[{"href":"https:\/\/carlosvarona.es\/en\/wp-json\/wp\/v2\/pages\/5174","targetHints":{"allow":["GET"]}}],"collection":[{"href":"https:\/\/carlosvarona.es\/en\/wp-json\/wp\/v2\/pages"}],"about":[{"href":"https:\/\/carlosvarona.es\/en\/wp-json\/wp\/v2\/types\/page"}],"author":[{"embeddable":true,"href":"https:\/\/carlosvarona.es\/en\/wp-json\/wp\/v2\/users\/1"}],"replies":[{"embeddable":true,"href":"https:\/\/carlosvarona.es\/en\/wp-json\/wp\/v2\/comments?post=5174"}],"version-history":[{"count":11,"href":"https:\/\/carlosvarona.es\/en\/wp-json\/wp\/v2\/pages\/5174\/revisions"}],"predecessor-version":[{"id":5251,"href":"https:\/\/carlosvarona.es\/en\/wp-json\/wp\/v2\/pages\/5174\/revisions\/5251"}],"wp:attachment":[{"href":"https:\/\/carlosvarona.es\/en\/wp-json\/wp\/v2\/media?parent=5174"}],"curies":[{"name":"wp","href":"https:\/\/api.w.org\/{rel}","templated":true}]}}